{"id":2230,"date":"2024-06-13T13:13:27","date_gmt":"2024-06-13T16:13:27","guid":{"rendered":"https:\/\/www.hospitalnacional.gov.py\/wp\/?page_id=2230"},"modified":"2026-03-05T11:20:15","modified_gmt":"2026-03-05T14:20:15","slug":"compromiso-eticos","status":"publish","type":"page","link":"http:\/\/www.hospitalnacional.gov.py\/wp\/compromiso-eticos\/","title":{"rendered":"Compromiso \u00c9ticos"},"content":{"rendered":"\n<h3 class=\"wp-block-heading\"><strong>Plan de Trabajo 202<\/strong>5<\/h3>\n\n\n\n<figure class=\"wp-block-embed is-type-video is-provider-youtube wp-block-embed-youtube wp-embed-aspect-16-9 wp-has-aspect-ratio\"><div class=\"wp-block-embed__wrapper\">\n<iframe loading=\"lazy\" title=\"C\u00f3digo de \u00c9tica Institucional del Centro M\u00e9dico Nacional - Hospital Nacional\" width=\"640\" height=\"360\" src=\"https:\/\/www.youtube.com\/embed\/jJF48m5x700?feature=oembed\" frameborder=\"0\" allow=\"accelerometer; autoplay; clipboard-write; encrypted-media; gyroscope; picture-in-picture; web-share\" referrerpolicy=\"strict-origin-when-cross-origin\" allowfullscreen><\/iframe>\n<\/div><\/figure>\n\n\n\n<p><strong><a href=\"https:\/\/meciphospitalnacional.wordpress.com\/wp-content\/uploads\/2025\/04\/acta-de-compromiso-etico.pdf\" target=\"_blank\" rel=\"noreferrer noopener\">Acta de Compromiso \u00c9tico<\/a><\/strong><\/p>\n\n\n\n<p><strong><a href=\"https:\/\/meciphospitalnacional.wordpress.com\/wp-content\/uploads\/2025\/05\/socializacion-etica.pdf\" target=\"_blank\" rel=\"noreferrer noopener\">Socializaci\u00f3n del Acta de Compromiso \u00c9tico, C\u00f3digo de \u00c9tica Institucional, Comit\u00e9 de \u00c9tica Institucional y Plan de Mejoramiento de la Gesti\u00f3n \u00c9tica<\/a><\/strong>.&nbsp;<strong><em>A\u00f1o 2025<\/em><\/strong>.<\/p>\n\n\n\n<p><strong><a href=\"https:\/\/meciphospitalnacional.wordpress.com\/wp-content\/uploads\/2024\/12\/informe-sobre-el-seguimiento-y-la-evaluacion.pdf\" target=\"_blank\" rel=\"noreferrer noopener\">Resoluci\u00f3n Interna DG Nro. 84\/2024 Plan de Mejoramiento de la Gesti\u00f3n \u00c9tica CMN-HNI. Anexo Formato MECIP Nro. 12<\/a><\/strong>.&nbsp;<strong><em>A\u00f1o 2024<\/em><\/strong>. Revisi\u00f3n a\u00f1o 2025.<\/p>\n\n\n\n<p><a href=\"https:\/\/drive.google.com\/file\/d\/1ZpUYfDD7QwDmuhE8_7WPgHZcdhS5lnPU\/view?usp=sharing\" target=\"_blank\" rel=\"noreferrer noopener\"><strong>Circular Actualizaci\u00f3n o Ratificaci\u00f3n de los Compromisos \u00c9ticos por Dependencia<\/strong><\/a>.&nbsp;<strong><em>A\u00f1o 2025.<\/em><\/strong><\/p>\n\n\n\n<p><strong><a href=\"https:\/\/drive.google.com\/file\/d\/1rFvaxTibsLkSiXojh__3-9QmeNVkFvwE\/view?usp=sharing\" target=\"_blank\" rel=\"noreferrer noopener\">Capacitaciones Compromisos \u00c9ticos por dependencia<\/a>.&nbsp;<em>A\u00f1o 2025<\/em><\/strong>.<\/p>\n\n\n\n<p><a href=\"https:\/\/drive.google.com\/file\/d\/1NNVoW6NxAKUqiXdcDwIuhNTg3g1UXwNc\/view?usp=sharing\" target=\"_blank\" rel=\"noreferrer noopener\"><strong>Capacitaciones C\u00f3digo de \u00c9tica institucional<\/strong><\/a>.&nbsp;<strong><em>A\u00f1o 2025<\/em><\/strong>.<\/p>\n\n\n\n<p><a href=\"https:\/\/drive.google.com\/file\/d\/1enIlIg84HAUZbpttncNJc6O7dXfTLQOE\/view?usp=sharing\" target=\"_blank\" rel=\"noreferrer noopener\"><strong>Convocatoria a capacitaciones Fundaci\u00f3n Buen Gobierno. (M\u00f3dulo I: El servidor p\u00fablico y su integridad. M\u00f3dulo II: El servidor p\u00fablico y su liderazgo. M\u00f3dulo III: El servidor p\u00fablico en su etapa pre \u2013 jubilatoria).<\/strong><\/a>&nbsp;<strong><em>A\u00f1o 2025<\/em><\/strong>.<\/p>\n\n\n\n<p><strong><a href=\"https:\/\/meciphospitalnacional.wordpress.com\/wp-content\/uploads\/2025\/05\/resolucion-del-curso-de-capacitacion-induccion-y-reinduccion.pdf\" target=\"_blank\" rel=\"noreferrer noopener\">Resoluci\u00f3n Interna D.G. Nro. 17\/2025<\/a><\/strong>. Por la cual se&nbsp;<strong>declara de inter\u00e9s institucional el curso de capacitaci\u00f3n<\/strong>&nbsp;de inducci\u00f3n y reinducci\u00f3n (M\u00f3dulo I: El servidor p\u00fablico y su integridad. M\u00f3dulo II: El servidor p\u00fablico y su liderazgo. M\u00f3dulo III: El servidor p\u00fablico en su etapa pre \u2013 jubilatoria).&nbsp;<a href=\"https:\/\/drive.google.com\/file\/d\/1rFM4VAjN_iVEeh4dXhaL9YrkoSkJ43PK\/view?usp=sharing\" target=\"_blank\" rel=\"noreferrer noopener\"><strong>Socializaci\u00f3n<\/strong><\/a>.&nbsp;<strong><em>A\u00f1o 2025<\/em><\/strong>.<\/p>\n\n\n\n<p><a href=\"https:\/\/drive.google.com\/file\/d\/1_dFjpl7W8WhhuQ3fdDHy-1r6RZH7UQug\/view?usp=sharing\" target=\"_blank\" rel=\"noreferrer noopener\"><strong>Revisi\u00f3n del Estatuto de Bi\u00f3tica institucional<\/strong><\/a>.&nbsp;<strong><em>A\u00f1o 2025<\/em><\/strong>.<\/p>\n\n\n\n<h6 class=\"wp-block-heading\"><strong>Correcciones a tener en cuenta a partir del a\u00f1o 2025 en las encuestas:<\/strong>&nbsp;Muestra por selecci\u00f3n sistem\u00e1tica: Cuando el tama\u00f1o de la poblaci\u00f3n es muy numeroso. \u00c9ste se calcula dividiendo el total de la poblaci\u00f3n entre el tama\u00f1o de la muestra.<\/h6>\n\n\n\n<h6 class=\"wp-block-heading\">Universo: 3889 funcionarios aproximadamente en el Hospital Nacional.<\/h6>\n\n\n\n<h6 class=\"wp-block-heading\">Determinaci\u00f3n de la muestra poblacional 10% de 3889 funcionario = 389 funcionarios para el Hospital Nacional.<\/h6>\n\n\n\n<p><a href=\"https:\/\/meciphospitalnacional.wordpress.com\/encuestas-2\/\" target=\"_blank\" rel=\"noreferrer noopener\">Encuestas Percepci\u00f3n \u00c9tica<\/a><\/p>\n\n\n\n<p><a href=\"https:\/\/drive.google.com\/file\/d\/1BT6nrBEpLf-jZusNSUhlXuckCeyS2Sbr\/view?usp=sharing\" target=\"_blank\" rel=\"noreferrer noopener\"><strong>Resoluci\u00f3n Interna DG Nro. 71\/2025, por la cual se designan los miembros del Comit\u00e9 de \u00c9tica del Centro M\u00e9dico Nacional \u2013 Hospital Nacional.<\/strong><\/a><\/p>\n\n\n\n<p><a href=\"https:\/\/meciphospitalnacional.wordpress.com\/wp-content\/uploads\/2024\/07\/resolucion-024-2024-codigo-de-etica-insititucional.pdf\" target=\"_blank\" rel=\"noreferrer noopener\"><strong>Resoluci\u00f3n Interna D.G. Nro. 24\/2024. Por la cual se aprueba el C\u00f3digo de \u00c9tica Institucional.<\/strong><\/a>&nbsp;<a href=\"https:\/\/meciphospitalnacional.wordpress.com\/wp-content\/uploads\/2024\/07\/codigo-de-etica-con-firma.pdf\"><strong>ANEXO C\u00f3digo de \u00c9tica del Hospital Nacional.<\/strong><\/a>&nbsp;<strong><a href=\"https:\/\/meciphospitalnacional.wordpress.com\/wp-content\/uploads\/2024\/07\/codigo-de-etica-_-hospital-nacional_aprobado.pdf\" target=\"_blank\" rel=\"noreferrer noopener\">C\u00d3DIGO DE \u00c9TICA HOSPITAL NACIONAL<\/a><\/strong>.<\/p>\n\n\n\n<p><a href=\"https:\/\/mecip.mspbs.gov.py\/wp-content\/uploads\/2025\/03\/RESOLUCION-SG-0898-24.-ACUERDOS-Y-COMPROMISOS-ETICOS-MSPYBS.pdf\" target=\"_blank\" rel=\"noreferrer noopener\">Acuerdos y Compromisos \u00c9ticos \u2013 MSPYBS<\/a>. A\u00f1o 2024<\/p>\n\n\n\n<p><a href=\"https:\/\/mecip.mspbs.gov.py\/wp-content\/uploads\/2025\/09\/RESOLUCION-SG-670-2025_c.pdf\" target=\"_blank\" rel=\"noreferrer noopener\">RESOLUCI\u00d3N_S.G. Nro._670\/2025_CODIGO_ETICA_MSPYBS<\/a><\/p>\n\n\n\n<h3 class=\"wp-block-heading\"><strong>Compromisos \u00c9ticos 2025<\/strong><\/h3>\n\n\n\n<p><a href=\"https:\/\/drive.google.com\/file\/d\/1roJzChMOUnWKLXQ-oFqjba5jLre_uk2n\/view?usp=sharing\" target=\"_blank\" rel=\"noreferrer noopener\"><strong>Resoluci\u00f3n Interna D.G. Nro. 35\/2025 \u00abPor la cual se aprueba los Acuerdos y Compromisos \u00c9ticos Principio A2 Componente A \u2013 Ambiente de Control\u00bb<\/strong><\/a><\/p>\n\n\n\n<ul>\n<li><a href=\"https:\/\/meciphospitalnacional.wordpress.com\/wp-content\/uploads\/2025\/07\/compromisos-eticos-alimentacion-y-nutricion.pdf\" target=\"_blank\" rel=\"noreferrer noopener\"><strong>Compromiso \u00c9tico Alimentaci\u00f3n y Nutrici\u00f3n<\/strong><\/a>. Resultados de la Evaluaci\u00f3n de Conocimiento.<\/li>\n\n\n\n<li><a href=\"https:\/\/meciphospitalnacional.wordpress.com\/wp-content\/uploads\/2025\/07\/compromisos-eticos-anatomia-patologica.pdf\" target=\"_blank\" rel=\"noreferrer noopener\"><strong>Compromiso \u00c9tico Anatom\u00eda Patol\u00f3gica<\/strong><\/a>.<\/li>\n\n\n\n<li><a href=\"https:\/\/meciphospitalnacional.wordpress.com\/wp-content\/uploads\/2025\/07\/compromisos-eticos-anestesia.pdf\" target=\"_blank\" rel=\"noreferrer noopener\"><strong>Compromiso \u00c9tico Anestesia<\/strong><\/a>.<\/li>\n\n\n\n<li><a href=\"https:\/\/meciphospitalnacional.wordpress.com\/wp-content\/uploads\/2025\/07\/compromisos-eticos-asesoria-juridica.pdf\" target=\"_blank\" rel=\"noreferrer noopener\"><strong>Compromiso \u00c9tico Asesor\u00eda Jur\u00eddica<\/strong><\/a>.<\/li>\n\n\n\n<li><strong><a href=\"https:\/\/meciphospitalnacional.wordpress.com\/wp-content\/uploads\/2025\/07\/compromisos-eticos-auditoria.pdf\" target=\"_blank\" rel=\"noreferrer noopener\">Compromiso \u00c9tico Auditor\u00eda Interna<\/a><\/strong>.<\/li>\n\n\n\n<li><a href=\"https:\/\/meciphospitalnacional.wordpress.com\/wp-content\/uploads\/2025\/07\/compromisos-eticos-banco-de-sangre.pdf\" target=\"_blank\" rel=\"noreferrer noopener\"><strong>Compromiso \u00c9tico Banco de Sangre<\/strong><\/a>.<\/li>\n\n\n\n<li><a href=\"https:\/\/meciphospitalnacional.wordpress.com\/wp-content\/uploads\/2025\/07\/compromisos-eticos-cardiologia-1.pdf\" target=\"_blank\" rel=\"noreferrer noopener\"><strong>Compromiso \u00c9tico Cardiolog\u00eda<\/strong><\/a>.<\/li>\n\n\n\n<li><a href=\"https:\/\/meciphospitalnacional.wordpress.com\/wp-content\/uploads\/2025\/07\/compromisos-eticos-cirugia-bariatrica.pdf\" target=\"_blank\" rel=\"noreferrer noopener\"><strong>Compromiso \u00c9tico Cirug\u00eda Bari\u00e1trica<\/strong><\/a>.<\/li>\n\n\n\n<li><a href=\"https:\/\/meciphospitalnacional.wordpress.com\/wp-content\/uploads\/2025\/07\/compromisos-eticos-cirugia-general-1.pdf\" target=\"_blank\" rel=\"noreferrer noopener\"><strong>Compromiso \u00c9tico Cirug\u00eda General<\/strong><\/a>.<\/li>\n\n\n\n<li><a href=\"https:\/\/meciphospitalnacional.wordpress.com\/wp-content\/uploads\/2025\/07\/compromisos-eticos-contabilidad.pdf\" target=\"_blank\" rel=\"noreferrer noopener\"><strong>Compromiso \u00c9tico Contabilidad<\/strong><\/a>.<\/li>\n\n\n\n<li><strong><a href=\"https:\/\/meciphospitalnacional.wordpress.com\/wp-content\/uploads\/2025\/07\/compromisos-eticos-departamento-administrativo.pdf\" target=\"_blank\" rel=\"noreferrer noopener\">Compromiso \u00c9tico Departamento Administrativo<\/a><\/strong>.<\/li>\n\n\n\n<li><a href=\"https:\/\/meciphospitalnacional.wordpress.com\/wp-content\/uploads\/2025\/07\/compromisos-eticos-docencia-e-investigacion.pdf\" target=\"_blank\" rel=\"noreferrer noopener\"><strong>Compromiso \u00c9tico Docencia e Investigaci\u00f3n<\/strong><\/a>.<\/li>\n\n\n\n<li><a href=\"https:\/\/meciphospitalnacional.wordpress.com\/wp-content\/uploads\/2025\/07\/compromisos-eticos-endoscopia.pdf\" target=\"_blank\" rel=\"noreferrer noopener\"><strong>Compromiso \u00c9tico Endoscop\u00eda Digestiva<\/strong><\/a>.<\/li>\n\n\n\n<li><strong><a href=\"https:\/\/meciphospitalnacional.wordpress.com\/wp-content\/uploads\/2025\/07\/compromisos-etico-enfermeria.pdf\" target=\"_blank\" rel=\"noreferrer noopener\">Compromiso \u00c9tico Enfermer\u00eda<\/a><\/strong>.<\/li>\n\n\n\n<li><strong><a href=\"https:\/\/meciphospitalnacional.wordpress.com\/wp-content\/uploads\/2025\/07\/compromisos-eticos-epidemiologia.pdf\" target=\"_blank\" rel=\"noreferrer noopener\">Compromiso \u00c9tico Epidemiolog\u00eda<\/a><\/strong>.<\/li>\n\n\n\n<li><a href=\"https:\/\/meciphospitalnacional.wordpress.com\/wp-content\/uploads\/2025\/07\/compromisos-eticos-farmacia.pdf\" target=\"_blank\" rel=\"noreferrer noopener\"><strong>Compromiso \u00c9tico Farmacia<\/strong><\/a>.<\/li>\n\n\n\n<li><strong><a href=\"https:\/\/meciphospitalnacional.wordpress.com\/wp-content\/uploads\/2025\/07\/compromisos-eticos-fiscalizacion.pdf\" target=\"_blank\" rel=\"noreferrer noopener\">Compromiso \u00c9tico Fiscalizaci\u00f3n<\/a><\/strong>.<\/li>\n\n\n\n<li><strong><a href=\"https:\/\/meciphospitalnacional.wordpress.com\/wp-content\/uploads\/2025\/07\/compromisos-eticos-gineco-obstetricia.pdf\" target=\"_blank\" rel=\"noreferrer noopener\">Compromiso \u00c9tico Ginecolog\u00eda y Obstetricia<\/a><\/strong>.<\/li>\n\n\n\n<li><strong><a href=\"https:\/\/meciphospitalnacional.wordpress.com\/wp-content\/uploads\/2025\/07\/compromisos-eticos-imagenes-1.pdf\" target=\"_blank\" rel=\"noreferrer noopener\">Compromiso \u00c9tico Im\u00e1genes<\/a><\/strong>.<\/li>\n\n\n\n<li><a href=\"https:\/\/meciphospitalnacional.wordpress.com\/wp-content\/uploads\/2025\/07\/compromisos-informacion-y-evaluacion.pdf\" target=\"_blank\" rel=\"noreferrer noopener\"><strong>Compromiso \u00c9tico Informaci\u00f3n y Evaluaci\u00f3n<\/strong><\/a>.<\/li>\n\n\n\n<li><strong><a href=\"https:\/\/meciphospitalnacional.wordpress.com\/wp-content\/uploads\/2025\/07\/compromisos-eticos-informatica-1.pdf\" target=\"_blank\" rel=\"noreferrer noopener\">Compromiso \u00c9tico Inform\u00e1tica<\/a><\/strong>.<\/li>\n\n\n\n<li><a href=\"https:\/\/meciphospitalnacional.wordpress.com\/wp-content\/uploads\/2025\/07\/compromisos-eticos-laboratorio-1.pdf\" target=\"_blank\" rel=\"noreferrer noopener\"><strong>Compromiso \u00c9tico Laboratorio<\/strong><\/a>.<\/li>\n\n\n\n<li><a href=\"https:\/\/meciphospitalnacional.wordpress.com\/wp-content\/uploads\/2025\/07\/compromisos-eticos-mantenimiento.pdf\" target=\"_blank\" rel=\"noreferrer noopener\"><strong>Compromiso \u00c9tico Mantenimiento<\/strong><\/a>.<\/li>\n\n\n\n<li><a href=\"https:\/\/meciphospitalnacional.wordpress.com\/wp-content\/uploads\/2025\/07\/compromisos-eticos-medicina-interna.pdf\" target=\"_blank\" rel=\"noreferrer noopener\"><strong>Compromiso \u00c9tico Medicina Interna<\/strong><\/a>.<\/li>\n\n\n\n<li><a href=\"https:\/\/meciphospitalnacional.wordpress.com\/wp-content\/uploads\/2025\/07\/compromisos-eticos-nefrologia-adulto.pdf\" target=\"_blank\" rel=\"noreferrer noopener\"><strong>Compromiso \u00c9tico Nefrolog\u00eda Adultos<\/strong><\/a>.<\/li>\n\n\n\n<li><a href=\"https:\/\/meciphospitalnacional.wordpress.com\/wp-content\/uploads\/2025\/07\/compromisos-eticos-nefrologia-infantil.pdf\" target=\"_blank\" rel=\"noreferrer noopener\"><strong>Compromiso \u00c9tico Nefrolog\u00eda Pedi\u00e1trica<\/strong><\/a>.<\/li>\n\n\n\n<li><a href=\"https:\/\/meciphospitalnacional.wordpress.com\/wp-content\/uploads\/2025\/07\/compromisos-eticos-neurologia.pdf\" target=\"_blank\" rel=\"noreferrer noopener\"><strong>Compromiso \u00c9tico Neurolog\u00eda<\/strong><\/a>.<\/li>\n\n\n\n<li><a href=\"https:\/\/meciphospitalnacional.wordpress.com\/wp-content\/uploads\/2025\/07\/compromisos-eticos-odontologia.pdf\" target=\"_blank\" rel=\"noreferrer noopener\"><strong>Compromiso \u00c9tico Odontolog\u00eda<\/strong><\/a>.<\/li>\n\n\n\n<li><a href=\"https:\/\/meciphospitalnacional.wordpress.com\/wp-content\/uploads\/2025\/07\/compromisos-oftalmologia.pdf\" target=\"_blank\" rel=\"noreferrer noopener\"><strong>Compromiso \u00c9tico Oftalmolog\u00eda<\/strong><\/a>.<\/li>\n\n\n\n<li><a href=\"https:\/\/meciphospitalnacional.wordpress.com\/wp-content\/uploads\/2025\/07\/compromisos-eticos-otorrinolaringologia.pdf\" target=\"_blank\" rel=\"noreferrer noopener\"><strong>Compromiso \u00c9tico Otorrinolaringolog\u00eda<\/strong><\/a>.<\/li>\n\n\n\n<li><strong><a href=\"https:\/\/meciphospitalnacional.wordpress.com\/wp-content\/uploads\/2025\/07\/compromisos-eticos-pediatria-2.pdf\" target=\"_blank\" rel=\"noreferrer noopener\">Compromiso \u00c9tico Pediatr\u00eda<\/a><\/strong>.<\/li>\n\n\n\n<li><strong><a href=\"https:\/\/meciphospitalnacional.wordpress.com\/wp-content\/uploads\/2025\/07\/compromisos-eticos-presupuesto-2.pdf\" target=\"_blank\" rel=\"noreferrer noopener\">Compromiso \u00c9tico Presupuesto<\/a><\/strong>.<\/li>\n\n\n\n<li><a href=\"https:\/\/meciphospitalnacional.wordpress.com\/wp-content\/uploads\/2025\/07\/compromisos-eticos-recursos-humanos-2.pdf\" target=\"_blank\" rel=\"noreferrer noopener\"><strong>Compromiso \u00c9tico Recursos Humanos<\/strong><\/a>.<\/li>\n\n\n\n<li><a href=\"https:\/\/meciphospitalnacional.wordpress.com\/wp-content\/uploads\/2025\/07\/compromisos-eticos-reeducacion-y-fisioterapia-2.pdf\" target=\"_blank\" rel=\"noreferrer noopener\"><strong>Compromiso \u00c9tico Reeducaci\u00f3n y Fisioterapia<\/strong><\/a>.<\/li>\n\n\n\n<li><strong><a href=\"https:\/\/meciphospitalnacional.wordpress.com\/wp-content\/uploads\/2025\/07\/compromisos-eticos-salud-mental.pdf\" target=\"_blank\" rel=\"noreferrer noopener\">Compromiso \u00c9tico Salud Mental<\/a><\/strong>.<\/li>\n\n\n\n<li><strong><a href=\"https:\/\/meciphospitalnacional.wordpress.com\/wp-content\/uploads\/2025\/07\/compromisos-eticos-seguridad-2.pdf\" target=\"_blank\" rel=\"noreferrer noopener\">Compromiso \u00c9tico Seguridad<\/a><\/strong>.<\/li>\n\n\n\n<li><strong><a href=\"https:\/\/meciphospitalnacional.wordpress.com\/wp-content\/uploads\/2025\/07\/compromisos-eticos-departamento-servicio-social.pdf\" target=\"_blank\" rel=\"noreferrer noopener\">Compromiso \u00c9tico Servicios Sociales<\/a><\/strong>.<\/li>\n\n\n\n<li><a href=\"https:\/\/meciphospitalnacional.wordpress.com\/wp-content\/uploads\/2025\/07\/compromisos-etico-tesoreria.pdf\" target=\"_blank\" rel=\"noreferrer noopener\"><strong>Compromiso \u00c9tico Tesorer\u00eda<\/strong><\/a>.<\/li>\n\n\n\n<li><a href=\"https:\/\/meciphospitalnacional.wordpress.com\/wp-content\/uploads\/2025\/07\/compromisos-eticos-u.o.c.pdf\" target=\"_blank\" rel=\"noreferrer noopener\"><strong>Compromiso \u00c9tico UOC<\/strong><\/a>.<\/li>\n\n\n\n<li><a href=\"https:\/\/meciphospitalnacional.wordpress.com\/wp-content\/uploads\/2025\/07\/compromisos-eticos-urgencias-adultos.pdf\" target=\"_blank\" rel=\"noreferrer noopener\"><strong>Compromiso \u00c9tico Urgencia Adultos<\/strong><\/a>.<\/li>\n<\/ul>\n\n\n\n<p><strong>Curso de Inducci\u00f3n y Reinducci\u00f3n declara de Inter\u00e9s Institucional<\/strong><\/p>\n\n\n\n<p><a href=\"https:\/\/sites.google.com\/view\/certificadosmeciphni\/p%C3%A1gina-principal\" target=\"_blank\" rel=\"noreferrer noopener\">Retiro de Certificados<\/a><\/p>\n\n\n\n<p><strong>&nbsp;M\u00f3dulo I: El servidor p\u00fablico y su integridad.<\/strong><\/p>\n\n\n\n<p><strong>M\u00f3dulo II: El servidor p\u00fablico y su liderazgo.<\/strong><\/p>\n\n\n\n<p><strong>M\u00f3dulo III: El servidor p\u00fablico en su etapa prejubilatoria.<\/strong><\/p>\n\n\n\n<figure class=\"wp-block-gallery has-nested-images columns-default is-cropped wp-block-gallery-1 is-layout-flex wp-block-gallery-is-layout-flex\">\n<figure class=\"wp-block-image size-large\"><img loading=\"lazy\" decoding=\"async\" width=\"724\" height=\"1024\" data-id=\"2762\" src=\"https:\/\/www.hospitalnacional.gov.py\/wp\/wp-content\/uploads\/2026\/03\/imagen3-1.jpg\" alt=\"\" class=\"wp-image-2762\" srcset=\"http:\/\/www.hospitalnacional.gov.py\/wp\/wp-content\/uploads\/2026\/03\/imagen3-1.jpg 724w, http:\/\/www.hospitalnacional.gov.py\/wp\/wp-content\/uploads\/2026\/03\/imagen3-1-212x300.jpg 212w\" sizes=\"(max-width: 724px) 100vw, 724px\" \/><\/figure>\n\n\n\n<figure class=\"wp-block-image size-large\"><img loading=\"lazy\" decoding=\"async\" width=\"724\" height=\"1024\" data-id=\"2761\" src=\"https:\/\/www.hospitalnacional.gov.py\/wp\/wp-content\/uploads\/2026\/03\/image-2-1.jpg\" alt=\"\" class=\"wp-image-2761\" srcset=\"http:\/\/www.hospitalnacional.gov.py\/wp\/wp-content\/uploads\/2026\/03\/image-2-1.jpg 724w, http:\/\/www.hospitalnacional.gov.py\/wp\/wp-content\/uploads\/2026\/03\/image-2-1-212x300.jpg 212w\" sizes=\"(max-width: 724px) 100vw, 724px\" \/><\/figure>\n\n\n\n<figure class=\"wp-block-image size-large\"><img loading=\"lazy\" decoding=\"async\" width=\"724\" height=\"1024\" data-id=\"2760\" src=\"https:\/\/www.hospitalnacional.gov.py\/wp\/wp-content\/uploads\/2026\/03\/image1-1.png\" alt=\"\" class=\"wp-image-2760\" srcset=\"http:\/\/www.hospitalnacional.gov.py\/wp\/wp-content\/uploads\/2026\/03\/image1-1.png 724w, http:\/\/www.hospitalnacional.gov.py\/wp\/wp-content\/uploads\/2026\/03\/image1-1-212x300.png 212w\" sizes=\"(max-width: 724px) 100vw, 724px\" \/><\/figure>\n<\/figure>\n\n\n\n<p><\/p>\n\n\n\n<h2 class=\"wp-block-heading\">A\u00f1o 2024<\/h2>\n\n\n\n<p><strong><a href=\"https:\/\/meciphospitalnacional.wordpress.com\/wp-content\/uploads\/2024\/03\/acta-de-compromiso-etico.pdf\" target=\"_blank\" rel=\"noreferrer noopener\">Acta de Compromiso \u00c9tico<\/a><\/strong><\/p>\n\n\n\n<figure class=\"wp-block-embed is-type-video is-provider-youtube wp-block-embed-youtube wp-embed-aspect-4-3 wp-has-aspect-ratio\"><div class=\"wp-block-embed__wrapper\">\n<iframe loading=\"lazy\" title=\"Acuerdos y Compromisos \u00c9ticos\" width=\"640\" height=\"480\" src=\"https:\/\/www.youtube.com\/embed\/PNqJ34MRN4w?feature=oembed\" frameborder=\"0\" allow=\"accelerometer; autoplay; clipboard-write; encrypted-media; gyroscope; picture-in-picture; web-share\" referrerpolicy=\"strict-origin-when-cross-origin\" allowfullscreen><\/iframe>\n<\/div><\/figure>\n\n\n\n<p><strong><a href=\"https:\/\/meciphospitalnacional.wordpress.com\/wp-content\/uploads\/2024\/03\/memrandum-1-equipo-mecip.pdf\" target=\"_blank\" rel=\"noreferrer noopener\">MEMORANDUM N\u00b0 1 EQUIPO MECIP<\/a><\/strong>.&nbsp;Socializaci\u00f3n de&nbsp;C\u00f3digo de \u00c9tica adoptado, Actas de Compromiso A.D. y Declaraci\u00f3n de los Acuerdo y Compromisos \u00c9ticos.<\/p>\n","protected":false},"excerpt":{"rendered":"<p>Plan de Trabajo 2025 Acta de Compromiso \u00c9tico Socializaci\u00f3n del Acta de Compromiso \u00c9tico, C\u00f3digo&#8230;<\/p>\n","protected":false},"author":1,"featured_media":0,"parent":0,"menu_order":0,"comment_status":"closed","ping_status":"closed","template":"","meta":{"footnotes":""},"_links":{"self":[{"href":"http:\/\/www.hospitalnacional.gov.py\/wp\/wp-json\/wp\/v2\/pages\/2230"}],"collection":[{"href":"http:\/\/www.hospitalnacional.gov.py\/wp\/wp-json\/wp\/v2\/pages"}],"about":[{"href":"http:\/\/www.hospitalnacional.gov.py\/wp\/wp-json\/wp\/v2\/types\/page"}],"author":[{"embeddable":true,"href":"http:\/\/www.hospitalnacional.gov.py\/wp\/wp-json\/wp\/v2\/users\/1"}],"replies":[{"embeddable":true,"href":"http:\/\/www.hospitalnacional.gov.py\/wp\/wp-json\/wp\/v2\/comments?post=2230"}],"version-history":[{"count":10,"href":"http:\/\/www.hospitalnacional.gov.py\/wp\/wp-json\/wp\/v2\/pages\/2230\/revisions"}],"predecessor-version":[{"id":2763,"href":"http:\/\/www.hospitalnacional.gov.py\/wp\/wp-json\/wp\/v2\/pages\/2230\/revisions\/2763"}],"wp:attachment":[{"href":"http:\/\/www.hospitalnacional.gov.py\/wp\/wp-json\/wp\/v2\/media?parent=2230"}],"curies":[{"name":"wp","href":"https:\/\/api.w.org\/{rel}","templated":true}]}}